{"id":6,"date":"2017-04-05T10:53:16","date_gmt":"2017-04-05T08:53:16","guid":{"rendered":"https:\/\/www.schuetz-spedition.de\/?page_id=6"},"modified":"2026-04-21T16:59:05","modified_gmt":"2026-04-21T14:59:05","slug":"schuetz-spedition-wir-liefern-loesungen","status":"publish","type":"page","link":"https:\/\/www.schuetz-spedition.de\/en\/","title":{"rendered":"Sch\u00fctz Spedition \u2013 Wir liefern <span class=\"orange\">L\u00f6sungen<\/span>."},"content":{"rendered":"<\/p>\n<p><b>\u00a0<\/b><\/p>\n<h3><span style=\"color: #000000;\"><a style=\"color: #000000;\" href=\"https:\/\/www.schuetz-spedition.de\/trauer-um-helmut-schuetz-2\/\" rel=\"noopener\">Trauer um Helmut Sch\u00fctz<\/a><\/span><\/h3>\n<p><b>\u00a0<\/b><\/p>\n<p><strong>Wichtiger Hinweis!<\/strong><\/p>\n<div>\n<div class=\"spalte spalte-1   clear\">\n<p>Sehr geehrte Kunden und Gesch\u00e4ftspartner,<\/p>\n<p>die Einf\u00fchrung der CO2-Maut und die daraus resultierende drastische Mauterh\u00f6hung zum 01.12.2023 zwingt uns, diesen externen Kostenfaktor zus\u00e4tzlich zu unseren Frachtpreisen zu erheben. Die preislichen Ver\u00e4nderungen und die Erhebungsform finden Sie hier: <a href=\"http:\/\/www.schuetz-spedition.de\/wp-content\/uploads\/2023\/11\/Kundeninformation-Co2-Maut_Sch\u00fctz.pdf\" target=\"_blank\" rel=\"noopener\">Information CO2-Maut_Sch\u00fctz<\/a><\/p>\n<p>Langenhagen, den 10.11.2023<\/p>\n<p><span id=\"page3R_mcid7\" class=\"markedContent\"><span dir=\"ltr\" role=\"presentation\"><\/p>\n<\/div>\n<div class=\"spalte spalte-2  \">\n<p><\/span><\/span><strong style=\"font-size: revert; color: initial;\"><span style=\"color: #ff0000;\">ACHTUNG: Wichtige Information zur Einf\u00fchrung eines tempor\u00e4ren Krisen-Dieselzuschlages:<\/span><\/strong><\/p>\n<p><strong><span style=\"color: #ff0000;\"><a href=\"http:\/\/www.schuetz-spedition.de\/wp-content\/uploads\/2026\/04\/Anpassung-Krisen-Dieselzuschlag_260427_neu.pdf\" target=\"_blank\" rel=\"noopener\">Anpassung Krisen-Dieselzuschlag ab 27.04.2026<\/a><\/span><\/strong><\/p>\n<p><strong><span style=\"color: #ff0000;\"><a href=\"http:\/\/www.schuetz-spedition.de\/wp-content\/uploads\/2026\/03\/Krisen-Dieselzuschlag_260306.pdf\" target=\"_blank\" rel=\"noopener\">Krisen-Dieselzuschlag ab 06.03.2026<\/a><\/span><\/strong><\/p>\n<hr \/>\n<p><span id=\"page3R_mcid7\" class=\"markedContent\"><span dir=\"ltr\" role=\"presentation\">A<\/span><span dir=\"ltr\" role=\"presentation\">ufgrund der<\/span> <span dir=\"ltr\" role=\"presentation\">volatilen<\/span> <span dir=\"ltr\" role=\"presentation\">Entwicklung beim Einkauf von Dieseltreibstoffen<\/span> <span dir=\"ltr\" role=\"presentation\">und AD<\/span><span dir=\"ltr\" role=\"presentation\">&#8211;<\/span><span dir=\"ltr\" role=\"presentation\">Blue <\/span><span dir=\"ltr\" role=\"presentation\">Zusatzstoffen<\/span> <span dir=\"ltr\" role=\"presentation\">f\u00fcr<\/span> <span dir=\"ltr\" role=\"presentation\">unsere moderne Euro 6<\/span><span dir=\"ltr\" role=\"presentation\">&#8211;<\/span><span dir=\"ltr\" role=\"presentation\">Flotte<\/span><span dir=\"ltr\" role=\"presentation\">,<\/span> <span dir=\"ltr\" role=\"presentation\">haben wir<\/span> <span dir=\"ltr\" role=\"presentation\">seit dem letzten Jahr einen <\/span><span dir=\"ltr\" role=\"presentation\">monatlichen<\/span> <span dir=\"ltr\" role=\"presentation\">Dieselzuschlag<\/span> <span dir=\"ltr\" role=\"presentation\">eingef\u00fchrt. Diese gilt f\u00fcr<\/span> <span dir=\"ltr\" role=\"presentation\">alle Transporte<\/span><span dir=\"ltr\" role=\"presentation\">,<\/span> <span dir=\"ltr\" role=\"presentation\">f\u00fcr die keine <\/span><span dir=\"ltr\" role=\"presentation\">besondere<\/span> <span dir=\"ltr\" role=\"presentation\">vertragliche Regelung mit dem jeweiligen Auftraggeber besteh<\/span><span dir=\"ltr\" role=\"presentation\">t<\/span><span dir=\"ltr\" role=\"presentation\">.<\/span><\/span><\/p>\n<p><span id=\"page3R_mcid8\" class=\"markedContent\"><span dir=\"ltr\" role=\"presentation\">Die<\/span> <span dir=\"ltr\" role=\"presentation\">aktuellen<\/span> <span dir=\"ltr\" role=\"presentation\">Zuschl\u00e4ge<\/span> <span dir=\"ltr\" role=\"presentation\">werden monatlich<\/span> <span dir=\"ltr\" role=\"presentation\">auf<\/span> <span dir=\"ltr\" role=\"presentation\">unserer<\/span> <span dir=\"ltr\" role=\"presentation\">Website<\/span><\/span><span id=\"page3R_mcid9\" class=\"markedContent\"> <\/span><span id=\"page3R_mcid10\" class=\"markedContent\"><span dir=\"ltr\" role=\"presentation\">ver\u00f6ffentlicht.<\/span><\/span><\/p>\n<p>F\u00fcr den aktuellen Leistungsmonat betr\u00e4gt der Zu-\/Abschlag:<\/p>\n<p><a href=\"http:\/\/www.schuetz-spedition.de\/wp-content\/uploads\/2026\/02\/Dieselzuschlag-2026-aktuell-Monat-Maerz-2026.pdf\" target=\"_blank\" rel=\"noopener\">siehe PDF-Datei Dieselfloater ARAL 2026 aktuell Monat M\u00e4rz 26<\/a><\/p>\n<p><strong><span style=\"color: #ff0000;\"><a href=\"http:\/\/www.schuetz-spedition.de\/wp-content\/uploads\/2026\/04\/Anpassung-Krisen-Dieselzuschlag_260427_neu.pdf\" target=\"_blank\" rel=\"noopener\">Anpassung Krisen-Dieselzuschlag ab 27.04.2026<\/a><\/span><\/strong><\/p>\n<p>Die Berechnung erfolgt als Zuschlag auf die jeweilige Nettofracht.<\/p>\n<p>Langenhagen, den 22.04.2026<\/p>\n<\/div>\n<\/div>\n<hr \/>\n<div>\n<div class=\"spalte spalte-3   clear\">\n<p>Wir sind Ihr erfahrener Partner, wenn es um Schwer- und Spezialtransporte geht und bieten flexible und bedarfsgerechte Transportl\u00f6sungen. Unsere moderne Flotte ist von Hannover aus f\u00fcr Sie in ganz Europa unterwegs und voll auf die speziellen Anforderungen und Bed\u00fcrfnisse der Kunden zugeschnitten.<\/p>\n<p>Die Fahrzeuge verf\u00fcgen \u00fcber moderne Kommunikationstechnologie und sind f\u00fcr die genaue Sendungsverfolgung mit Ortungssystemen ausgestattet. <\/p>\n<\/div>\n<div class=\"spalte spalte-4  \">\n<p>Wir transportieren Ihre G\u00fcter schnell, sicher und zuverl\u00e4ssig ans Ziel.<\/p>\n<p>Kundenzufriedenheit hat bei uns Priorit\u00e4t: Unsere 30 qualifizierten und engagierten Mitarbeiter machen Unm\u00f6gliches m\u00f6glich und Schweres leicht.<\/p>\n<p>Kurz gesagt: Unsere Leistung \u2013 Ihr Vorteil!<\/p>\n<p>Und was k\u00f6nnen wir f\u00fcr Sie tun?<\/p>\n<p><a title=\"mehr \u2026\" href=\"https:\/\/www.schuetz-spedition.de\/leistungen\/\">MEHR \u2026<\/a><\/p>\n<\/div>\n<\/div>\n<hr \/>\n<h3>Fahrsicherheitstraining Jeversen 2022<\/h3>\n<p><img loading=\"lazy\" decoding=\"async\" class=\"alignnone size-large wp-image-1402\" src=\"http:\/\/www.schuetz-spedition.de\/wp-content\/uploads\/2022\/06\/Fahrsicherheitstraining-2022-768x1024.jpg\" alt=\"\" width=\"640\" height=\"853\" srcset=\"https:\/\/www.schuetz-spedition.de\/wp-content\/uploads\/2022\/06\/Fahrsicherheitstraining-2022-768x1024.jpg 768w, https:\/\/www.schuetz-spedition.de\/wp-content\/uploads\/2022\/06\/Fahrsicherheitstraining-2022-225x300.jpg 225w\" sizes=\"(max-width: 640px) 100vw, 640px\" \/><\/p>\n<hr \/>\n<h3>Fahrsicherheitstraining Jeversen 2018<\/h3>\n<div style=\"width: 640px;\" class=\"wp-video\"><!--[if lt IE 9]><script>document.createElement('video');<\/script><![endif]--><br \/>\n<video class=\"wp-video-shortcode\" id=\"video-6-1\" width=\"640\" height=\"360\" preload=\"metadata\" controls=\"controls\"><source type=\"video\/mp4\" src=\"https:\/\/www.schuetz-spedition.de\/wp-content\/uploads\/2018\/06\/fahrsicherheitstraining_2018-06-18.mp4?_=1\" \/><a href=\"https:\/\/www.schuetz-spedition.de\/wp-content\/uploads\/2018\/06\/fahrsicherheitstraining_2018-06-18.mp4\">https:\/\/www.schuetz-spedition.de\/wp-content\/uploads\/2018\/06\/fahrsicherheitstraining_2018-06-18.mp4<\/a><\/video><\/div>\n","protected":false},"excerpt":{"rendered":"<p>\u00a0 Trauer um Helmut Sch\u00fctz \u00a0 Wichtiger Hinweis! Fahrsicherheitstraining Jeversen 2022 Fahrsicherheitstraining Jeversen 2018<\/p>\n","protected":false},"author":1,"featured_media":0,"parent":0,"menu_order":0,"comment_status":"closed","ping_status":"closed","template":"","meta":{"footnotes":""},"class_list":["post-6","page","type-page","status-publish","hentry","gallery-content-unit"],"_links":{"self":[{"href":"https:\/\/www.schuetz-spedition.de\/en\/wp-json\/wp\/v2\/pages\/6"}],"collection":[{"href":"https:\/\/www.schuetz-spedition.de\/en\/wp-json\/wp\/v2\/pages"}],"about":[{"href":"https:\/\/www.schuetz-spedition.de\/en\/wp-json\/wp\/v2\/types\/page"}],"author":[{"embeddable":true,"href":"https:\/\/www.schuetz-spedition.de\/en\/wp-json\/wp\/v2\/users\/1"}],"replies":[{"embeddable":true,"href":"https:\/\/www.schuetz-spedition.de\/en\/wp-json\/wp\/v2\/comments?post=6"}],"version-history":[{"count":152,"href":"https:\/\/www.schuetz-spedition.de\/en\/wp-json\/wp\/v2\/pages\/6\/revisions"}],"predecessor-version":[{"id":1786,"href":"https:\/\/www.schuetz-spedition.de\/en\/wp-json\/wp\/v2\/pages\/6\/revisions\/1786"}],"wp:attachment":[{"href":"https:\/\/www.schuetz-spedition.de\/en\/wp-json\/wp\/v2\/media?parent=6"}],"curies":[{"name":"wp","href":"https:\/\/api.w.org\/{rel}","templated":true}]}}